{"id":87,"date":"2015-09-30T12:46:28","date_gmt":"2015-09-30T10:46:28","guid":{"rendered":"http:\/\/www.schadstoffanalytik.com\/?page_id=87"},"modified":"2024-05-22T09:29:42","modified_gmt":"2024-05-22T07:29:42","slug":"shop","status":"publish","type":"page","link":"https:\/\/www.schadstoffanalytik.com\/index.php\/shop\/","title":{"rendered":"Shop"},"content":{"rendered":"<p>Hier geht\u00b4s zu unserem <a href=\"http:\/\/www.umweltanalytik.com\/shop\/\" target=\"_blank\" rel=\"noopener noreferrer\">Online-Shop<\/a>:<\/p>\n<p><a href=\"http:\/\/www.umweltanalytik.com\/shop\/\" target=\"_blank\" rel=\"noopener noreferrer\"><img loading=\"lazy\" decoding=\"async\" class=\"alignnone size-medium wp-image-88\" src=\"https:\/\/www.schadstoffanalytik.com\/wp-content\/uploads\/2015\/09\/shop-300x177.jpg\" alt=\"shop\" width=\"300\" height=\"177\" srcset=\"https:\/\/www.schadstoffanalytik.com\/wp-content\/uploads\/2015\/09\/shop-300x177.jpg 300w, https:\/\/www.schadstoffanalytik.com\/wp-content\/uploads\/2015\/09\/shop.jpg 709w\" sizes=\"auto, (max-width: 300px) 100vw, 300px\" \/><\/a><\/p>\n<div align=\"left\">Unser Online-Shop f\u00fcr allergikergerechte Produkte. Wir freuen uns \u00fcber Ihren Besuch und w\u00fcnschen viel Spa\u00df beim Shoppen.<\/div>\n<div align=\"left\"><\/div>\n<div align=\"left\">Sollten Sie Fragen zu unseren Produkten haben, k\u00f6nnen Sie uns gern unter der Telefonnummer 05661-9260920 anrufen.<\/div>\n","protected":false},"excerpt":{"rendered":"<p>Hier geht\u00b4s zu unserem Online-Shop: Unser Online-Shop f\u00fcr allergikergerechte Produkte. Wir freuen uns \u00fcber Ihren Besuch und w\u00fcnschen viel Spa\u00df beim Shoppen. Sollten Sie Fragen zu unseren Produkten haben, k\u00f6nnen [&hellip;]<\/p>\n","protected":false},"author":1,"featured_media":0,"parent":0,"menu_order":0,"comment_status":"closed","ping_status":"closed","template":"","meta":{"footnotes":""},"class_list":["post-87","page","type-page","status-publish","hentry","has_no_thumb"],"_links":{"self":[{"href":"https:\/\/www.schadstoffanalytik.com\/index.php\/wp-json\/wp\/v2\/pages\/87","targetHints":{"allow":["GET"]}}],"collection":[{"href":"https:\/\/www.schadstoffanalytik.com\/index.php\/wp-json\/wp\/v2\/pages"}],"about":[{"href":"https:\/\/www.schadstoffanalytik.com\/index.php\/wp-json\/wp\/v2\/types\/page"}],"author":[{"embeddable":true,"href":"https:\/\/www.schadstoffanalytik.com\/index.php\/wp-json\/wp\/v2\/users\/1"}],"replies":[{"embeddable":true,"href":"https:\/\/www.schadstoffanalytik.com\/index.php\/wp-json\/wp\/v2\/comments?post=87"}],"version-history":[{"count":0,"href":"https:\/\/www.schadstoffanalytik.com\/index.php\/wp-json\/wp\/v2\/pages\/87\/revisions"}],"wp:attachment":[{"href":"https:\/\/www.schadstoffanalytik.com\/index.php\/wp-json\/wp\/v2\/media?parent=87"}],"curies":[{"name":"wp","href":"https:\/\/api.w.org\/{rel}","templated":true}]}}