{"id":123,"date":"2015-10-01T09:43:04","date_gmt":"2015-10-01T07:43:04","guid":{"rendered":"http:\/\/www.schadstoffanalytik.com\/?page_id=123"},"modified":"2025-01-02T14:11:41","modified_gmt":"2025-01-02T13:11:41","slug":"leistungsverzeichnis","status":"publish","type":"page","link":"https:\/\/www.schadstoffanalytik.com\/index.php\/leistungsverzeichnis\/","title":{"rendered":"Leistungsverzeichnis"},"content":{"rendered":"<p>&nbsp;<\/p>\n<table width=\"100%\">\n<tbody>\n<tr>\n<td width=\"18%\"><strong>Name<\/strong><\/td>\n<td width=\"55%\"><strong>u<\/strong><strong>ntersuchte Schadstoffe<\/strong><\/td>\n<td width=\"12%\"><strong>Art<\/strong><\/td>\n<td width=\"13%\"><\/td>\n<\/tr>\n<tr>\n<td width=\"18%\"><strong>Screening 1<\/strong><\/p>\n<p><strong><a href=\"http:\/\/www.umweltanalytik.com\/ing87.htm\">Pestizide<\/a><\/strong><\/td>\n<td width=\"55%\">Organo-Chlor-Pestizide, polychlorierte Diphenylether, Organo-Phosphorpestizide, Pyrethroide \/ Pyrethrine<\/td>\n<td width=\"12%\">Staub<\/td>\n<td width=\"13%\"><\/td>\n<\/tr>\n<tr>\n<td width=\"18%\"><strong>Screening 2<\/strong><\/p>\n<p><strong><a href=\"http:\/\/www.umweltanalytik.com\/ing86.htm\">\u00dcbersichtsanalyse<\/a><\/strong><\/td>\n<td width=\"55%\">Organo-Chlor-Pestizide, polychlorierte Biphenyle, Phthalate, polychlorierte Diphenylether, Organo-Phosphorpestizide, Pyrethroide \/ Pyrethrine, brom. Flammschutzmittel, TRIS-Phosphate<\/td>\n<td width=\"12%\">Staub<\/td>\n<td width=\"13%\"><\/td>\n<\/tr>\n<tr>\n<td width=\"18%\"><strong>Screening 3<\/strong><\/p>\n<p><strong><a href=\"http:\/\/www.umweltanalytik.com\/ing25.htm\">Wohngifte<\/a><\/strong><\/td>\n<td width=\"55%\">Organo-Chlor-Pestizide, polychlorierte Biphenyle, Phthalate, polychlorierte Diphenylether, Organo-Phosphorpestizide, Pyrethroide \/ Pyrethrine, brom. Flammschutzmittel, TRIS-Phosphate, Polyzyklisch aromatische Kohlenwasserstoffe (Benzo(a)pyren)<\/td>\n<td width=\"12%\">Staub<\/td>\n<td width=\"13%\"><\/td>\n<\/tr>\n<tr>\n<td width=\"18%\"><strong>Screening 4<\/strong><\/p>\n<p><strong><a href=\"http:\/\/www.umweltanalytik.com\/ing7.htm\">Fertighaus<\/a><\/strong><\/td>\n<td width=\"55%\">Organo-Chlor-Pestizide, polychlorierte Biphenyle, Phthalate, polychlorierte Diphenylether, Organo-Phosphorpestizide, Pyrethroide \/ Pyrethrine, brom. Flammschutzmittel, TRIS-Phosphate, Riech und Reizstoffe<\/td>\n<td width=\"12%\">Staub<\/td>\n<td width=\"13%\"><\/td>\n<\/tr>\n<tr>\n<td width=\"18%\"><strong>Screening 5<\/strong><\/p>\n<p><strong><a href=\"http:\/\/www.umweltanalytik.com\/ing52.htm\">Wohneigentum<\/a><\/strong><\/td>\n<td width=\"55%\">Organo-Chlor-Pestizide, Organo-Phosphors\u00e4ureester, Pyrethroide, Pyrethrum, Piperonylbutoxid, Phthalate, polychlorierte Biphenyle, brom. Flammschutzmittel, polychlorierte Diphenylether (Summe-PCSD), TRIS-Phosphate, Riech und Reizstoffe, Polyzyklisch aromatische Kohlenwasserstoffe (Benzo(a)pyren)<\/td>\n<td width=\"12%\">Staub<\/td>\n<td width=\"13%\"><\/td>\n<\/tr>\n<tr>\n<td width=\"18%\"><strong>Screening 6<\/strong><\/p>\n<p><strong><a href=\"http:\/\/www.umweltanalytik.com\/ing85.htm\">Arbeitsplatzscreening<\/a><\/strong><\/p>\n<p>&nbsp;<\/td>\n<td width=\"55%\">Organo-Chlor-Pestizide, Organo-Phosphors\u00e4ureester, Pyrethroide, Pyrethrum, Piperonylbutoxid, Phthalate, polychlorierte Biphenyle, brom. Flammschutzmittel, polychlorierte Diphenylether (Summe-PCSD), TRIS-Phosphate, Riech und Reizstoffe, \u00a0polyzyklisch aromatische Kohlenwasserstoffe (16 EPA-PAK)<\/td>\n<td width=\"12%\">Staub<\/td>\n<td width=\"13%\"><\/td>\n<\/tr>\n<tr>\n<td width=\"18%\"><strong>Screening 7<\/strong><\/p>\n<p><strong><a href=\"http:\/\/www.umweltanalytik.com\/ing84.htm\">Komplettscreening<\/a><\/strong><\/p>\n<p>&nbsp;<\/td>\n<td width=\"55%\">Organo-Chlor-Pestizide, Organo-Phosphors\u00e4ureester, Pyrethroide, Pyrethrum, Piperonylbutoxid, Phthalate, polychlorierte Biphenyle, brom. Flammschutzmittel, polychlorierte Diphenylether (Summe-PCSD), TRIS-Phosphate, Riech und Reizstoffe, \u00a0polyzyklisch aromatische Kohlenwasserstoffe (16 EPA-PAK), Desinfektionsmittel<\/td>\n<td width=\"12%\">Staub<\/td>\n<td width=\"13%\"><\/td>\n<\/tr>\n<tr>\n<td width=\"18%\"><a href=\"http:\/\/www.umweltanalytik.com\/ing29.htm\"><strong>Leichtfl\u00fcchtige<\/strong><\/a><\/p>\n<p><a href=\"http:\/\/www.umweltanalytik.com\/ing29.htm\"><strong>L\u00f6semittel<\/strong><\/a><\/p>\n<p>&nbsp;<\/td>\n<td width=\"55%\">Aromatische Kohlenwasserstoffe, Terpen-Kohlenwasserstoffe, Alkane, Alkene, chlorierte Kohlenwasserstoffe, Aldehyde, Ketone und andere (ca. 60 Einzelverbindungen)<\/td>\n<td width=\"12%\">Luftanalyse(<a href=\"http:\/\/www.umweltanalytik.com\/ing29.htm#Passiv\">Sammler<\/a> anfordern)<\/td>\n<td width=\"13%\"><\/td>\n<\/tr>\n<tr>\n<td width=\"18%\"><a href=\"http:\/\/www.umweltanalytik.com\/ing47.htm\"><strong>Schimmelpilze<\/strong><\/a><\/td>\n<td width=\"55%\">Pilzbestimmung qualitativ und quantitativ einer Materialprobe auf Malzextrakt-Agar und DG18-Agar. Schimmelpilz-Bestimmung in der Regel auf Artniveau. Jede Schimmelpilz-Art wird in KBE\/g quantifiziert. Dazu wird das Materialzerkleinert, in sterilem Puffer suspendiert, eine Verd\u00fcnnungsreihe angelegt und jede Verd\u00fcnnungsstufe auf beiden N\u00e4hrmedien (insgesamt 16 Petrischalen) plattiert.<\/td>\n<td width=\"12%\">Material oder Staub<\/td>\n<td width=\"13%\"><\/td>\n<\/tr>\n<tr>\n<td width=\"18%\"><a href=\"http:\/\/www.umweltanalytik.com\/ing77.htm\"><strong>Schimmelpilze<\/strong><\/a><\/td>\n<td width=\"55%\">\u00a0Pilzbestimmung \u00fcber MVOC-Messung\u00a0(bei verdecktem Schimmelpilz)<\/td>\n<td width=\"12%\">\u00a0Luftanalyse(<a href=\"http:\/\/www.umweltanalytik.com\/ing77.htm\">Pumpe<\/a> anfordern)<\/td>\n<td width=\"13%\"><\/td>\n<\/tr>\n<tr>\n<td width=\"18%\"><strong><a href=\"http:\/\/www.umweltanalytik.com\/ing47.htm\">Milben<\/a><\/strong><\/td>\n<td width=\"55%\">Guaninbestimmung als Anzeiger f\u00fcr einen Befall mit Hausstaubmilben<\/td>\n<td width=\"12%\">Material<\/td>\n<td width=\"13%\"><\/td>\n<\/tr>\n<tr>\n<td width=\"18%\"><strong>Formaldehyd<\/strong><\/td>\n<td width=\"55%\">Formaldehydgehalt in Materialien (WKI-Methode)<\/td>\n<td width=\"12%\">Material<\/td>\n<td width=\"13%\"><\/td>\n<\/tr>\n<tr>\n<td width=\"18%\"><a href=\"http:\/\/www.umweltanalytik.com\/ing29.htm\"><strong>Formaldehyd<\/strong><\/a><\/td>\n<td width=\"55%\">Formaldehydgehalt in der Raumluft<\/td>\n<td width=\"12%\">Luftanalyse (<a href=\"http:\/\/www.umweltanalytik.com\/ing29.htm\">Me\u00dfset<\/a> anfordern)<\/td>\n<td width=\"13%\"><\/td>\n<\/tr>\n<tr>\n<td width=\"18%\"><a href=\"http:\/\/www.umweltanalytik.com\/lexikon\/ing2.htm\"><strong>Parkettkleber<\/strong><\/a><\/td>\n<td width=\"55%\">PAK (Benz(a)pyren) Leitkomponente<\/td>\n<td width=\"12%\">Material oder Staub<\/td>\n<td width=\"13%\"><\/td>\n<\/tr>\n<tr>\n<td width=\"18%\"><a href=\"http:\/\/www.umweltanalytik.com\/lexikon\/ing15.htm\"><strong>Holzschutzmittel<\/strong><\/a><\/td>\n<td width=\"55%\">Pentachlorphenol (PCP), Lindan (gamma-HCH), Chlorthalonil, Dichlofluanid, Tolylfluanid, Endosulfan 1+2, Permethrin, 2,4\u00b4-DDE, 4,4\u00b4-DDE, 2,4\u00b4-DDD, 4,4\u00b4-DDD, 2,4\u00b4-DDT, 4,4\u00b4-DDT<\/td>\n<td width=\"12%\">Material oder Staub<\/td>\n<td width=\"13%\"><\/td>\n<\/tr>\n<tr>\n<td width=\"18%\"><a href=\"http:\/\/www.umweltanalytik.com\/lexikon\/ing11.htm\"><strong>Wollschutzmittel<\/strong><\/a><\/td>\n<td width=\"55%\">Methoxychlor, Dieldrin, PCSD\/PCAD, gamma-HCH (Lindan),\u00a0 Permethrin, 2,4\u00b4-DDE, 4,4\u00b4-DDE, 2,4\u00b4-DDD, 4,4\u00b4-DDD, 2,4\u00b4-DDT, 4,4\u00b4-DDT<\/td>\n<td width=\"12%\">Material oder Staub<\/td>\n<td width=\"13%\"><\/td>\n<\/tr>\n<tr>\n<td width=\"18%\"><strong>Asbest<\/strong><\/td>\n<td width=\"55%\">Asbestbestandteile, Asbestart<\/td>\n<td width=\"12%\">Material<\/td>\n<td width=\"13%\"><\/td>\n<\/tr>\n<tr>\n<td width=\"18%\"><a href=\"http:\/\/www.umweltanalytik.com\/lexikon\/ing40.htm\"><strong>Weichmacher<\/strong><\/a><\/td>\n<td width=\"55%\">Weichmachergehalt in Materialien: Dimethylphthalat, Diethylphthalat, Di-n-butylphthalat, Di-n-octylphthalat, Benzylbutylphthalat, Bis(2-ethylhexyl)phthalat, Phthals\u00e4ureanhydrid<\/td>\n<td width=\"12%\">Material<\/td>\n<td width=\"13%\"><\/td>\n<\/tr>\n<tr>\n<td width=\"18%\"><strong><a href=\"http:\/\/www.umweltanalytik.com\/ing11.htm\">Fogging-Analyse<\/a><\/strong><\/td>\n<td width=\"55%\">PAK (polyzyklisch aromatische Kohlenwasserstoffe)- Benzo[a]pyren, Aliphatische Paraffine, Weichmacher, Fetts\u00e4uren\/Fetts\u00e4ureester (z.B. Hexadecans\u00e4ure- isopropylester)<\/td>\n<td width=\"12%\">Wischprobe (Wischtuch anfordern)<\/td>\n<td width=\"13%\"><\/td>\n<\/tr>\n<tr>\n<td width=\"18%\"><strong><a href=\"http:\/\/www.umweltanalytik.com\/ing11.htm\">Fogging-Analyse<\/a><\/strong><\/td>\n<td width=\"55%\">PAK (polyzyklisch aromatische Kohlenwasserstoffe)- Benzo[a]pyren, Aliphatische Paraffine, Weichmacher, Fetts\u00e4uren\/Fetts\u00e4ureester (z.B. Hexadecans\u00e4ure- isopropylester)<\/td>\n<td width=\"12%\">Wisch- und Staubprobe (Wischtuch anfordern)<\/td>\n<td width=\"13%\"><\/td>\n<\/tr>\n<tr>\n<td width=\"18%\"><a href=\"http:\/\/www.umweltanalytik.com\/ing64.htm\"><strong>Brandr\u00fcckst\u00e4nde<\/strong><\/a><\/td>\n<td width=\"55%\">PAK (polyzyklisch aromatische Kohlenwasserstoffe) PCB (polychlorierte Biphenyle), PCDD\/PCDF &#8222;Dioxine&#8220;, polybromierte FIammschutzmittel<\/td>\n<td width=\"12%\">Material oder Staub<\/td>\n<td width=\"13%\"><\/td>\n<\/tr>\n<tr>\n<td width=\"18%\"><strong>Isothiazolinone<\/strong><\/td>\n<td width=\"55%\">5-Chlor-2-methyl-2,3-dihydroisothiazol-3-on [MCI], 2-Methyl-2,3-dihydro-isothiazol-3-on [MI], n-Octyl- [n-OI]<\/td>\n<td width=\"12%\">Material oder Staub<\/td>\n<td width=\"13%\"><\/td>\n<\/tr>\n<tr>\n<td width=\"18%\"><a href=\"http:\/\/www.umweltanalytik.com\/lexikon\/ing3.htm\"><strong>Organische Zinnverbindungen<\/strong><\/a><\/p>\n<p>(TBT-Tributylzinn)<\/td>\n<td width=\"55%\">Monobutylzinn (MBT), Dibutylzinn (DBT), Tributylzinn (TBT)<\/td>\n<td width=\"12%\">Material oder Staub<\/td>\n<td width=\"13%\"><\/td>\n<\/tr>\n<tr>\n<td width=\"18%\"><strong>PVC-B\u00f6den<\/strong><\/td>\n<td width=\"55%\">Zinn (Summengehalt beinhaltet auch organ. Zinnverbindungen wie TBT), DEHP (Weichmacher)<\/td>\n<td width=\"12%\">Material oder Staub<\/td>\n<td width=\"13%\"><\/td>\n<\/tr>\n<tr>\n<td width=\"18%\"><strong>Trinkwasser<\/strong><\/td>\n<td width=\"55%\">Blei, Kupfer, Zink, Cadmium, Eisen<\/td>\n<td width=\"12%\">Leitungswasser<\/td>\n<td width=\"13%\"><\/td>\n<\/tr>\n<\/tbody>\n<\/table>\n<p>(alle Analysenpreise gelten pro Probe)<\/p>\n<p><a href=\"http:\/\/www.umweltanalytik.com\/ing101.htm\"><strong>Anleitungen zur Probenahme<\/strong><\/a><\/p>\n<p>Weiterhin bieten wir (fast) jede Analyse auf Schadstoffe wie z.B. Dioxine, Schwermetalle und viele viele andere Stoffe an.<\/p>\n<p>Wir bieten an:Materialanalysen &#8211; Raumluftuntersuchungen &#8211; Staubuntersuchungen &#8211; WasseruntersuchungenGutachten &#8211; Sanierungsgutachten &#8211; Allergikergerechte Produkte<\/p>\n<p><strong>\u00a0 <a href=\"http:\/\/www.umweltanalytik.com\/ing67.htm\">Analysenauflistung mit Einzelstoffen und Preisen (Leistungverzeichnis)<\/a><\/strong><\/p>\n<p><strong>\u00a0<\/strong> <a href=\"http:\/\/www.umweltanalytik.com\/daten\/Preisliste-Verbraucher-kurz.pdf\"><strong>Kurz-Verzeichnis der wichtigsten Analysen (pdf-Datei)<\/strong><\/a><\/p>\n<p><strong>\u00a0<\/strong> <a href=\"http:\/\/www.umweltanalytik.com\/daten\/Preisliste-Verbraucher.pdf\"><strong>Gesamt-Leistungsverzeichnis (pdf-Datei)<\/strong><\/a><\/p>\n<p><strong>\u00a0<\/strong> <a href=\"http:\/\/www.umweltanalytik.com\/ing29.htm\"><strong>Raumluftanalysen mit eigener Probenahme<\/strong><\/a><\/p>\n<p>Preise f\u00fcr individuelle Analysen erfragen Sie am besten per <a href=\"mailto:info@umweltanalytik.com\">e-mail<\/a> oder telefonisch.<\/p>\n","protected":false},"excerpt":{"rendered":"<p>&nbsp; Name untersuchte Schadstoffe Art Screening 1 Pestizide Organo-Chlor-Pestizide, polychlorierte Diphenylether, Organo-Phosphorpestizide, Pyrethroide \/ Pyrethrine Staub Screening 2 \u00dcbersichtsanalyse Organo-Chlor-Pestizide, polychlorierte Biphenyle, Phthalate, polychlorierte Diphenylether, Organo-Phosphorpestizide, Pyrethroide \/ Pyrethrine, brom. [&hellip;]<\/p>\n","protected":false},"author":1,"featured_media":0,"parent":0,"menu_order":0,"comment_status":"closed","ping_status":"closed","template":"","meta":{"footnotes":""},"class_list":["post-123","page","type-page","status-publish","hentry","has_no_thumb"],"_links":{"self":[{"href":"https:\/\/www.schadstoffanalytik.com\/index.php\/wp-json\/wp\/v2\/pages\/123","targetHints":{"allow":["GET"]}}],"collection":[{"href":"https:\/\/www.schadstoffanalytik.com\/index.php\/wp-json\/wp\/v2\/pages"}],"about":[{"href":"https:\/\/www.schadstoffanalytik.com\/index.php\/wp-json\/wp\/v2\/types\/page"}],"author":[{"embeddable":true,"href":"https:\/\/www.schadstoffanalytik.com\/index.php\/wp-json\/wp\/v2\/users\/1"}],"replies":[{"embeddable":true,"href":"https:\/\/www.schadstoffanalytik.com\/index.php\/wp-json\/wp\/v2\/comments?post=123"}],"version-history":[{"count":0,"href":"https:\/\/www.schadstoffanalytik.com\/index.php\/wp-json\/wp\/v2\/pages\/123\/revisions"}],"wp:attachment":[{"href":"https:\/\/www.schadstoffanalytik.com\/index.php\/wp-json\/wp\/v2\/media?parent=123"}],"curies":[{"name":"wp","href":"https:\/\/api.w.org\/{rel}","templated":true}]}}